{"id":5466,"date":"2026-04-17T11:45:26","date_gmt":"2026-04-17T11:45:26","guid":{"rendered":"https:\/\/klaritax.com\/?page_id=5466"},"modified":"2026-04-17T11:58:05","modified_gmt":"2026-04-17T11:58:05","slug":"25szja","status":"publish","type":"page","link":"https:\/\/klaritax.com\/hu\/25szja\/","title":{"rendered":"25SZJA Elemz\u0151"},"content":{"rendered":"<section class=\"vc_row liquid-row-shadowbox-69e4c6da6eab9\"><div class=\"ld-container container\"><div class=\"row ld-row ld-row-outer\"><div class=\"wpb_column vc_column_container vc_col-sm-12 liquid-column-69e4c6da6ed2f\"><div class=\"vc_column-inner\" ><div class=\"wpb_wrapper\"  ><div class=\"vc_separator wpb_content_element vc_separator_align_center vc_sep_width_100 vc_sep_pos_align_center vc_separator_no_text vc_sep_color_white\" ><span class=\"vc_sep_holder vc_sep_holder_l\"><span  class=\"vc_sep_line\"><\/span><\/span><span class=\"vc_sep_holder vc_sep_holder_r\"><span  class=\"vc_sep_line\"><\/span><\/span>\n<\/div><\/div><\/div><\/div><\/div><\/div><\/section><section class=\"vc_row liquid-row-shadowbox-69e4c6da6efa5\"><div class=\"ld-container container\"><div class=\"row ld-row ld-row-outer\"><div class=\"wpb_column vc_column_container vc_col-sm-12 liquid-column-69e4c6da6f10e\"><div class=\"vc_column-inner\" ><div class=\"wpb_wrapper\"  ><div class=\"vc_separator wpb_content_element vc_separator_align_center vc_sep_width_100 vc_sep_pos_align_center vc_separator_no_text vc_sep_color_white\" ><span class=\"vc_sep_holder vc_sep_holder_l\"><span  class=\"vc_sep_line\"><\/span><\/span><span class=\"vc_sep_holder vc_sep_holder_r\"><span  class=\"vc_sep_line\"><\/span><\/span>\n<\/div><\/div><\/div><\/div><\/div><\/div><\/section><section class=\"vc_row liquid-row-shadowbox-69e4c6da6f2d7\"><div class=\"ld-container container\"><div class=\"row ld-row ld-row-outer\"><div class=\"wpb_column vc_column_container vc_col-sm-12 liquid-column-69e4c6da6f406\"><div class=\"vc_column-inner\" ><div class=\"wpb_wrapper\"  ><div class=\"vc_separator wpb_content_element vc_separator_align_center vc_sep_width_100 vc_sep_pos_align_center vc_separator_no_text vc_sep_color_white\" ><span class=\"vc_sep_holder vc_sep_holder_l\"><span  class=\"vc_sep_line\"><\/span><\/span><span class=\"vc_sep_holder vc_sep_holder_r\"><span  class=\"vc_sep_line\"><\/span><\/span>\n<\/div><\/div><\/div><\/div><\/div><\/div><\/section><section class=\"vc_row liquid-row-shadowbox-69e4c6da6f5eb\"><div class=\"ld-container container\"><div class=\"row ld-row ld-row-outer\"><div class=\"wpb_column vc_column_container vc_col-sm-12 liquid-column-69e4c6da6f71a\"><div class=\"vc_column-inner\" ><div class=\"wpb_wrapper\"  ><div class=\"vc_separator wpb_content_element vc_separator_align_center vc_sep_width_100 vc_sep_pos_align_center vc_separator_no_text vc_sep_color_white\" ><span class=\"vc_sep_holder vc_sep_holder_l\"><span  class=\"vc_sep_line\"><\/span><\/span><span class=\"vc_sep_holder vc_sep_holder_r\"><span  class=\"vc_sep_line\"><\/span><\/span>\n<\/div><\/div><\/div><\/div><\/div><\/div><\/section><section class=\"vc_row liquid-row-shadowbox-69e4c6da6f93a\"><div class=\"ld-container container\"><div class=\"row ld-row ld-row-outer\"><div class=\"wpb_column vc_column_container vc_col-sm-12 liquid-column-69e4c6da6fa62\"><div class=\"vc_column-inner\" ><div class=\"wpb_wrapper\"  ><div class=\"vc_separator wpb_content_element vc_separator_align_center vc_sep_width_100 vc_sep_pos_align_center vc_separator_no_text vc_sep_color_white\" ><span class=\"vc_sep_holder vc_sep_holder_l\"><span  class=\"vc_sep_line\"><\/span><\/span><span class=\"vc_sep_holder vc_sep_holder_r\"><span  class=\"vc_sep_line\"><\/span><\/span>\n<\/div><\/div><\/div><\/div><\/div><\/div><\/section><section class=\"vc_row liquid-row-shadowbox-69e4c6da6fc3a\"><div class=\"ld-container container\"><div class=\"row ld-row ld-row-outer\"><div class=\"wpb_column vc_column_container vc_col-sm-12 liquid-column-69e4c6da6fd5d\"><div class=\"vc_column-inner\" ><div class=\"wpb_wrapper\"  ><div class=\"vc_separator wpb_content_element vc_separator_align_center vc_sep_width_100 vc_sep_pos_align_center vc_separator_no_text vc_sep_color_white\" ><span class=\"vc_sep_holder vc_sep_holder_l\"><span  class=\"vc_sep_line\"><\/span><\/span><span class=\"vc_sep_holder vc_sep_holder_r\"><span  class=\"vc_sep_line\"><\/span><\/span>\n<\/div><\/div><\/div><\/div><\/div><\/div><\/section><section class=\"vc_row liquid-row-shadowbox-69e4c6da6ff32\"><div class=\"ld-container container\"><div class=\"row ld-row ld-row-outer\"><div class=\"wpb_column vc_column_container vc_col-sm-12 liquid-column-69e4c6da7006c\"><div class=\"vc_column-inner\" ><div class=\"wpb_wrapper\"  ><div class=\"vc_separator wpb_content_element vc_separator_align_center vc_sep_width_100 vc_sep_pos_align_center vc_separator_no_text vc_sep_color_grey\" ><span class=\"vc_sep_holder vc_sep_holder_l\"><span  class=\"vc_sep_line\"><\/span><\/span><span class=\"vc_sep_holder vc_sep_holder_r\"><span  class=\"vc_sep_line\"><\/span><\/span>\n<\/div><\/div><\/div><\/div><\/div><\/div><\/section><section class=\"vc_row hidden-xs liquid-row-shadowbox-69e4c6da70245\"><div class=\"ld-container container\"><div class=\"row ld-row ld-row-outer\"><div class=\"wpb_column vc_column_container vc_col-sm-12 liquid-column-69e4c6da7038d\"><div class=\"vc_column-inner\" ><div class=\"wpb_wrapper\"  >\n\t<div class=\"wpb_text_column wpb_content_element\" >\n\t\t<div class=\"wpb_wrapper\">\n\t\t\t<h2 style=\"text-align: center;\">\u00c9rtsd meg az SZJA ad\u00f3bevall\u00e1si tervezetedet \u2013 ingyen, regisztr\u00e1ci\u00f3 n\u00e9lk\u00fcl, 2 perc alatt!<\/h2>\n<h1><\/h1>\n<h4 style=\"text-align: center;\">A NAV elk\u00e9sz\u00edtette a 2025-\u00f6s szem\u00e9lyi j\u00f6vedelemad\u00f3-bevall\u00e1sodat. De mit jelent pontosan? Elfogadhat\u00f3, vagy m\u00f3dos\u00edtani kell?<\/h4>\n<h6><\/h6>\n<h6 style=\"text-align: center;\">T\u00f6ltsd fel a tervezetet, \u00e9s a Klaritax k\u00f6z\u00e9rthet\u0151en \u00f6sszefoglalja, amit tudnod kell: mekkora \u00f6sszeget kapsz vissza vagy kell befizetned, milyen j\u00f6vedelmek \u00e9s kedvezm\u00e9nyek (nem) szerepelnek, \u00e9s mik a k\u00f6vetkez\u0151 l\u00e9p\u00e9sek a m\u00e1jus 20-i hat\u00e1rid\u0151 el\u0151tt.<\/h6>\n\n\t\t<\/div>\n\t<\/div>\n<\/div><\/div><\/div><\/div><\/div><\/section><section class=\"vc_row hidden-sm hidden-md hidden-lg liquid-row-shadowbox-69e4c6da705c4\"><div class=\"ld-container container\"><div class=\"row ld-row ld-row-outer\"><div class=\"wpb_column vc_column_container vc_col-sm-12 liquid-column-69e4c6da706e3\"><div class=\"vc_column-inner\" ><div class=\"wpb_wrapper\"  >\n\t<div class=\"wpb_text_column wpb_content_element\" >\n\t\t<div class=\"wpb_wrapper\">\n\t\t\t<h4 style=\"text-align: center;\">\u00c9rtsd meg az SZJA ad\u00f3bevall\u00e1si tervezetedet \u2013 ingyen, regisztr\u00e1ci\u00f3 n\u00e9lk\u00fcl, 2 perc alatt!<\/h4>\n<h1><\/h1>\n<h6 style=\"text-align: center;\">A NAV elk\u00e9sz\u00edtette a 2025-\u00f6s szem\u00e9lyi j\u00f6vedelemad\u00f3-bevall\u00e1sodat. De mit jelent pontosan? Elfogadhat\u00f3, vagy m\u00f3dos\u00edtani kell?<\/h6>\n<h6><\/h6>\n<p style=\"text-align: center;\">T\u00f6ltsd fel a tervezetet, \u00e9s a Klaritax k\u00f6z\u00e9rthet\u0151en \u00f6sszefoglalja, amit tudnod kell: mekkora \u00f6sszeget kapsz vissza vagy kell befizetned, milyen j\u00f6vedelmek \u00e9s kedvezm\u00e9nyek (nem) szerepelnek, \u00e9s mik a k\u00f6vetkez\u0151 l\u00e9p\u00e9sek a m\u00e1jus 20-i hat\u00e1rid\u0151 el\u0151tt.<\/p>\n\n\t\t<\/div>\n\t<\/div>\n<\/div><\/div><\/div><\/div><\/div><\/section><section class=\"vc_row liquid-row-shadowbox-69e4c6da70856\"><div class=\"ld-container container\"><div class=\"row ld-row ld-row-outer\"><div class=\"wpb_column vc_column_container vc_col-sm-12 liquid-column-69e4c6da70930\"><div class=\"vc_column-inner\" ><div class=\"wpb_wrapper\"  ><div class=\"vc_separator wpb_content_element vc_separator_align_center vc_sep_width_100 vc_sep_pos_align_center vc_separator_no_text vc_sep_color_white\" ><span class=\"vc_sep_holder vc_sep_holder_l\"><span  class=\"vc_sep_line\"><\/span><\/span><span class=\"vc_sep_holder vc_sep_holder_r\"><span  class=\"vc_sep_line\"><\/span><\/span>\n<\/div><\/div><\/div><\/div><\/div><\/div><\/section><section class=\"vc_row liquid-row-shadowbox-69e4c6da70a91\"><div class=\"ld-container container\"><div class=\"row ld-row ld-row-outer\"><div class=\"wpb_column vc_column_container vc_col-sm-12 liquid-column-69e4c6da70b64\"><div class=\"vc_column-inner\" ><div class=\"wpb_wrapper\"  >\n\t<div class=\"wpb_raw_code wpb_raw_js\" >\n\t\t<div class=\"wpb_wrapper\">\n\t\t\t<klaritax-szja-analyzer data-lang=\"hu\"><\/klaritax-szja-analyzer>\n<script src=\"https:\/\/taxpilot.klaritax.com\/widgets\/szja-analyzer-iframe.js\"><\/script>\n\t\t<\/div>\n\t<\/div>\n<\/div><\/div><\/div><\/div><\/div><\/section><section class=\"vc_row liquid-row-shadowbox-69e4c6da70cbe\"><div class=\"ld-container container\"><div class=\"row ld-row ld-row-outer\"><div class=\"wpb_column vc_column_container vc_col-sm-12 liquid-column-69e4c6da70d8b\"><div class=\"vc_column-inner\" ><div class=\"wpb_wrapper\"  ><div class=\"vc_separator wpb_content_element vc_separator_align_center vc_sep_width_100 vc_sep_pos_align_center vc_separator_no_text vc_sep_color_white\" ><span class=\"vc_sep_holder vc_sep_holder_l\"><span  class=\"vc_sep_line\"><\/span><\/span><span class=\"vc_sep_holder vc_sep_holder_r\"><span  class=\"vc_sep_line\"><\/span><\/span>\n<\/div><\/div><\/div><\/div><\/div><\/div><\/section><section class=\"vc_row liquid-row-shadowbox-69e4c6da70ecf\"><div class=\"ld-container container\"><div class=\"row ld-row ld-row-outer\"><div class=\"wpb_column vc_column_container vc_col-sm-12 liquid-column-69e4c6da70f9f\"><div class=\"vc_column-inner\" ><div class=\"wpb_wrapper\"  >\n\t<div class=\"wpb_text_column wpb_content_element\" >\n\t\t<div class=\"wpb_wrapper\">\n\t\t\t<h6 style=\"text-align: center;\">Ez az eszk\u00f6z t\u00e1j\u00e9koztat\u00f3 jelleg\u0171 \u00e9s nem min\u0151s\u00fcl ad\u00f3tan\u00e1csad\u00e1snak. \u00d6sszetettebb esetekben javasolt k\u00f6nyvel\u0151 bevon\u00e1sa.<\/h6>\n\n\t\t<\/div>\n\t<\/div>\n<\/div><\/div><\/div><\/div><\/div><\/section><section class=\"vc_row liquid-row-shadowbox-69e4c6da71125\"><div class=\"ld-container container\"><div class=\"row ld-row ld-row-outer\"><div class=\"wpb_column vc_column_container vc_col-sm-12 liquid-column-69e4c6da7127d\"><div class=\"vc_column-inner\" ><div class=\"wpb_wrapper\"  ><div class=\"vc_separator wpb_content_element vc_separator_align_center vc_sep_width_100 vc_sep_pos_align_center vc_separator_no_text vc_sep_color_white\" ><span class=\"vc_sep_holder vc_sep_holder_l\"><span  class=\"vc_sep_line\"><\/span><\/span><span class=\"vc_sep_holder vc_sep_holder_r\"><span  class=\"vc_sep_line\"><\/span><\/span>\n<\/div><style>.ld_fancy_heading_69e4c6da71460 .lqd-highlight-inner{height:0.275em!important;bottom:0px!important;}<\/style><div class=\"ld-fancy-heading text-center ld_fancy_heading_69e4c6da71460\">\n\t<h4 class=\"ld-fh-element lqd-highlight-underline lqd-highlight-grow-left text-decoration-default\"   >  PR\u00d3B\u00c1LD KI TOV\u00c1BBI INGYENES KALKUL\u00c1TOR\u00c1INKAT \u00c9S SZIMUL\u00c1TOR\u00c1INKAT<\/h4><\/div><\/div><\/div><\/div><\/div><\/div><\/section><section class=\"vc_row liquid-row-shadowbox-69e4c6da71dff\"><div class=\"ld-container container\"><div class=\"row ld-row ld-row-outer\"><div class=\"wpb_column vc_column_container vc_col-sm-12 liquid-column-69e4c6da71efa\"><div class=\"vc_column-inner\" ><div class=\"wpb_wrapper\"  ><div class=\"vc_separator wpb_content_element vc_separator_align_center vc_sep_width_100 vc_sep_pos_align_center vc_separator_no_text vc_sep_color_white\" ><span class=\"vc_sep_holder vc_sep_holder_l\"><span  class=\"vc_sep_line\"><\/span><\/span><span class=\"vc_sep_holder vc_sep_holder_r\"><span  class=\"vc_sep_line\"><\/span><\/span>\n<\/div><\/div><\/div><\/div><\/div><\/div><\/section><section class=\"vc_row liquid-row-shadowbox-69e4c6da720d5\"><div class=\"ld-container container\"><div class=\"row ld-row ld-row-outer\"><div class=\"wpb_column vc_column_container vc_col-sm-4 liquid-column-69e4c6da7222a\"><div class=\"vc_column-inner\" ><div class=\"wpb_wrapper\"  ><a href=\"https:\/\/klaritax.com\/hu\/csaladtamogatas-kalkulator\/\" title=\"Csal\u00e1dt\u00e1mogat\u00e1s Kalkul\u00e1tor\" class=\"btn btn-solid border-thin btn-has-label ld_button_69e4c6da722e4\" >\n\t<span>\n\t\n\t\t\t\t\t<span class=\"btn-txt\" data-text=\"FREE MATERNITY CALCULATOR\" >INGYENES CSAL\u00c1DT\u00c1MOGAT\u00c1S SZIMUL\u00c1TOR<\/span>\n\t\t\n\t\t\t\t\t<\/span>\n<\/a>\n<\/div><\/div><\/div><div class=\"wpb_column vc_column_container vc_col-sm-4 liquid-column-69e4c6da72c72\"><div class=\"vc_column-inner\" ><div class=\"wpb_wrapper\"  ><\/div><\/div><\/div><div class=\"wpb_column vc_column_container vc_col-sm-4 liquid-column-69e4c6da72d92\"><div class=\"vc_column-inner\" ><div class=\"wpb_wrapper\"  ><a href=\"https:\/\/klaritax.com\/hu\/jovedelem-kalkulator\/\" title=\"J\u00f6vedelem Kalkul\u00e1torok\" class=\"btn btn-solid border-thin btn-has-label ld_button_69e4c6da72e4e\" >\n\t<span>\n\t\n\t\t\t\t\t<span class=\"btn-txt\" data-text=\"FREE INCOME CALCULATORS\" >INGYENES J\u00d6VEDELEM KALKUL\u00c1TOROK<\/span>\n\t\t\n\t\t\t\t\t<\/span>\n<\/a>\n<\/div><\/div><\/div><\/div><\/div><\/section>","protected":false},"excerpt":{"rendered":"Understand your tax return draft - free, in 2 minutes! The Hungarian tax authority (NAV) has prepared your 2025 personal income tax draft. But what does it actually mean? Can you accept it as is, or does it need to be modified? Upload your 25SZJA draft and Klaritax will give you a plain-language summary of [...]","protected":false},"author":1,"featured_media":0,"parent":0,"menu_order":0,"comment_status":"closed","ping_status":"closed","template":"","meta":{"_monsterinsights_skip_tracking":false,"_monsterinsights_sitenote_active":false,"_monsterinsights_sitenote_note":"","_monsterinsights_sitenote_category":0,"footnotes":""},"class_list":["post-5466","page","type-page","status-publish","hentry"],"aioseo_notices":[],"_links":{"self":[{"href":"https:\/\/klaritax.com\/hu\/wp-json\/wp\/v2\/pages\/5466","targetHints":{"allow":["GET"]}}],"collection":[{"href":"https:\/\/klaritax.com\/hu\/wp-json\/wp\/v2\/pages"}],"about":[{"href":"https:\/\/klaritax.com\/hu\/wp-json\/wp\/v2\/types\/page"}],"author":[{"embeddable":true,"href":"https:\/\/klaritax.com\/hu\/wp-json\/wp\/v2\/users\/1"}],"replies":[{"embeddable":true,"href":"https:\/\/klaritax.com\/hu\/wp-json\/wp\/v2\/comments?post=5466"}],"version-history":[{"count":5,"href":"https:\/\/klaritax.com\/hu\/wp-json\/wp\/v2\/pages\/5466\/revisions"}],"predecessor-version":[{"id":5471,"href":"https:\/\/klaritax.com\/hu\/wp-json\/wp\/v2\/pages\/5466\/revisions\/5471"}],"wp:attachment":[{"href":"https:\/\/klaritax.com\/hu\/wp-json\/wp\/v2\/media?parent=5466"}],"curies":[{"name":"wp","href":"https:\/\/api.w.org\/{rel}","templated":true}]}}