{"id":5382,"date":"2026-03-02T15:36:56","date_gmt":"2026-03-02T15:36:56","guid":{"rendered":"https:\/\/klaritax.com\/?page_id=5382"},"modified":"2026-04-14T07:47:50","modified_gmt":"2026-04-14T07:47:50","slug":"egyeni-vallalkozo","status":"publish","type":"page","link":"https:\/\/klaritax.com\/hu\/egyeni-vallalkozo\/","title":{"rendered":"\u00c1tal\u00e1nyad\u00f3 Egy\u00e9ni V\u00e1llalkoz\u00f3"},"content":{"rendered":"<section class=\"vc_row liquid-row-shadowbox-69dfbc2937ffa\"><div class=\"ld-container container\"><div class=\"row ld-row ld-row-outer\"><div class=\"wpb_column vc_column_container vc_col-sm-12 liquid-column-69dfbc293828f\"><div class=\"vc_column-inner\" ><div class=\"wpb_wrapper\"  ><div class=\"vc_separator wpb_content_element vc_separator_align_center vc_sep_width_100 vc_sep_pos_align_center vc_separator_no_text vc_sep_color_white\" ><span class=\"vc_sep_holder vc_sep_holder_l\"><span  class=\"vc_sep_line\"><\/span><\/span><span class=\"vc_sep_holder vc_sep_holder_r\"><span  class=\"vc_sep_line\"><\/span><\/span>\n<\/div><\/div><\/div><\/div><\/div><\/div><\/section><section class=\"vc_row liquid-row-shadowbox-69dfbc29384d2\"><div class=\"ld-container container\"><div class=\"row ld-row ld-row-outer\"><div class=\"wpb_column vc_column_container vc_col-sm-12 liquid-column-69dfbc29385d5\"><div class=\"vc_column-inner\" ><div class=\"wpb_wrapper\"  ><div class=\"vc_separator wpb_content_element vc_separator_align_center vc_sep_width_100 vc_sep_pos_align_center vc_separator_no_text vc_sep_color_white\" ><span class=\"vc_sep_holder vc_sep_holder_l\"><span  class=\"vc_sep_line\"><\/span><\/span><span class=\"vc_sep_holder vc_sep_holder_r\"><span  class=\"vc_sep_line\"><\/span><\/span>\n<\/div><\/div><\/div><\/div><\/div><\/div><\/section><section class=\"vc_row liquid-row-shadowbox-69dfbc293874f\"><div class=\"ld-container container\"><div class=\"row ld-row ld-row-outer\"><div class=\"wpb_column vc_column_container vc_col-sm-12 liquid-column-69dfbc293882a\"><div class=\"vc_column-inner\" ><div class=\"wpb_wrapper\"  ><div class=\"vc_separator wpb_content_element vc_separator_align_center vc_sep_width_100 vc_sep_pos_align_center vc_separator_no_text vc_sep_color_white\" ><span class=\"vc_sep_holder vc_sep_holder_l\"><span  class=\"vc_sep_line\"><\/span><\/span><span class=\"vc_sep_holder vc_sep_holder_r\"><span  class=\"vc_sep_line\"><\/span><\/span>\n<\/div><\/div><\/div><\/div><\/div><\/div><\/section><section class=\"vc_row liquid-row-shadowbox-69dfbc2938972\"><div class=\"ld-container container\"><div class=\"row ld-row ld-row-outer\"><div class=\"wpb_column vc_column_container vc_col-sm-12 liquid-column-69dfbc2938a49\"><div class=\"vc_column-inner\" ><div class=\"wpb_wrapper\"  ><div class=\"vc_separator wpb_content_element vc_separator_align_center vc_sep_width_100 vc_sep_pos_align_center vc_separator_no_text vc_sep_color_white\" ><span class=\"vc_sep_holder vc_sep_holder_l\"><span  class=\"vc_sep_line\"><\/span><\/span><span class=\"vc_sep_holder vc_sep_holder_r\"><span  class=\"vc_sep_line\"><\/span><\/span>\n<\/div><\/div><\/div><\/div><\/div><\/div><\/section><section class=\"vc_row liquid-row-shadowbox-69dfbc2938ba6\"><div class=\"ld-container container\"><div class=\"row ld-row ld-row-outer\"><div class=\"wpb_column vc_column_container vc_col-sm-12 liquid-column-69dfbc2938c74\"><div class=\"vc_column-inner\" ><div class=\"wpb_wrapper\"  ><div class=\"vc_separator wpb_content_element vc_separator_align_center vc_sep_width_100 vc_sep_pos_align_center vc_separator_no_text vc_sep_color_white\" ><span class=\"vc_sep_holder vc_sep_holder_l\"><span  class=\"vc_sep_line\"><\/span><\/span><span class=\"vc_sep_holder vc_sep_holder_r\"><span  class=\"vc_sep_line\"><\/span><\/span>\n<\/div><\/div><\/div><\/div><\/div><\/div><\/section><section class=\"vc_row liquid-row-shadowbox-69dfbc2938daf\"><div class=\"ld-container container\"><div class=\"row ld-row ld-row-outer\"><div class=\"wpb_column vc_column_container vc_col-sm-12 liquid-column-69dfbc2938e89\"><div class=\"vc_column-inner\" ><div class=\"wpb_wrapper\"  ><div class=\"vc_separator wpb_content_element vc_separator_align_center vc_sep_width_100 vc_sep_pos_align_center vc_separator_no_text vc_sep_color_white\" ><span class=\"vc_sep_holder vc_sep_holder_l\"><span  class=\"vc_sep_line\"><\/span><\/span><span class=\"vc_sep_holder vc_sep_holder_r\"><span  class=\"vc_sep_line\"><\/span><\/span>\n<\/div><\/div><\/div><\/div><\/div><\/div><\/section><section class=\"vc_row liquid-row-shadowbox-69dfbc2938fc1\"><div class=\"ld-container container\"><div class=\"row ld-row ld-row-outer\"><div class=\"wpb_column vc_column_container vc_col-sm-12 liquid-column-69dfbc293908a\"><div class=\"vc_column-inner\" ><div class=\"wpb_wrapper\"  ><div class=\"vc_separator wpb_content_element vc_separator_align_center vc_sep_width_100 vc_sep_pos_align_center vc_separator_no_text vc_sep_color_grey\" ><span class=\"vc_sep_holder vc_sep_holder_l\"><span  class=\"vc_sep_line\"><\/span><\/span><span class=\"vc_sep_holder vc_sep_holder_r\"><span  class=\"vc_sep_line\"><\/span><\/span>\n<\/div><\/div><\/div><\/div><\/div><\/div><\/section><section class=\"vc_row hidden-xs liquid-row-shadowbox-69dfbc29391c2\"><div class=\"ld-container container\"><div class=\"row ld-row ld-row-outer\"><div class=\"wpb_column vc_column_container vc_col-sm-12 liquid-column-69dfbc29392db\"><div class=\"vc_column-inner\" ><div class=\"wpb_wrapper\"  >\n\t<div class=\"wpb_text_column wpb_content_element\" >\n\t\t<div class=\"wpb_wrapper\">\n\t\t\t<h2 style=\"text-align: center;\">PR\u00d3B\u00c1LD KI AZ INGYENES 2026-OS \u00c1TAL\u00c1NYAD\u00d3 KALKUL\u00c1TORUNKAT!<\/h2>\n<h1><\/h1>\n<h4 style=\"text-align: center;\">K\u00c9RJ\u00dcK, V\u00c1RJON EGY PILLANATOT, M\u00cdG BET\u00d6LTJ\u00dcK A LEGFRISSEBB MAGYAR AD\u00d3SZAB\u00c1LYOKAT.<\/h4>\n\n\t\t<\/div>\n\t<\/div>\n<\/div><\/div><\/div><\/div><\/div><\/section><section class=\"vc_row hidden-sm hidden-md hidden-lg liquid-row-shadowbox-69dfbc2939485\"><div class=\"ld-container container\"><div class=\"row ld-row ld-row-outer\"><div class=\"wpb_column vc_column_container vc_col-sm-12 liquid-column-69dfbc2939571\"><div class=\"vc_column-inner\" ><div class=\"wpb_wrapper\"  >\n\t<div class=\"wpb_text_column wpb_content_element\" >\n\t\t<div class=\"wpb_wrapper\">\n\t\t\t<h4 style=\"text-align: center;\">PR\u00d3B\u00c1LD KI AZ INGYENES 2026-OS \u00c1TAL\u00c1NYAD\u00d3 KALKUL\u00c1TORUNKAT!<\/h4>\n<h1><\/h1>\n<h6 style=\"text-align: center;\">K\u00c9RJ\u00dcK, V\u00c1RJON EGY PILLANATOT, M\u00cdG BET\u00d6LTJ\u00dcK A LEGFRISSEBB MAGYAR AD\u00d3SZAB\u00c1LYOKAT.<\/h6>\n\n\t\t<\/div>\n\t<\/div>\n<\/div><\/div><\/div><\/div><\/div><\/section><section class=\"vc_row liquid-row-shadowbox-69dfbc2939699\"><div class=\"ld-container container\"><div class=\"row ld-row ld-row-outer\"><div class=\"wpb_column vc_column_container vc_col-sm-12 liquid-column-69dfbc2939773\"><div class=\"vc_column-inner\" ><div class=\"wpb_wrapper\"  ><div class=\"vc_separator wpb_content_element vc_separator_align_center vc_sep_width_100 vc_sep_pos_align_center vc_separator_no_text vc_sep_color_white\" ><span class=\"vc_sep_holder vc_sep_holder_l\"><span  class=\"vc_sep_line\"><\/span><\/span><span class=\"vc_sep_holder vc_sep_holder_r\"><span  class=\"vc_sep_line\"><\/span><\/span>\n<\/div><\/div><\/div><\/div><\/div><\/div><\/section><section class=\"vc_row liquid-row-shadowbox-69dfbc293989f\"><div class=\"ld-container container\"><div class=\"row ld-row ld-row-outer\"><div class=\"wpb_column vc_column_container vc_col-sm-12 liquid-column-69dfbc29399b5\"><div class=\"vc_column-inner\" ><div class=\"wpb_wrapper\"  >\n\t<div class=\"wpb_raw_code wpb_raw_js\" >\n\t\t<div class=\"wpb_wrapper\">\n\t\t\t<klaritax-sole-trader data-lang=\"hu\"><\/klaritax-sole-trader>\n<script src=\"https:\/\/taxpilot.klaritax.com\/widgets\/sole-trader-iframe.js\"><\/script>\n\t\t<\/div>\n\t<\/div>\n<\/div><\/div><\/div><\/div><\/div><\/section><section class=\"vc_row liquid-row-shadowbox-69dfbc2939b3d\"><div class=\"ld-container container\"><div class=\"row ld-row ld-row-outer\"><div class=\"wpb_column vc_column_container vc_col-sm-12 liquid-column-69dfbc2939c0d\"><div class=\"vc_column-inner\" ><div class=\"wpb_wrapper\"  ><div class=\"vc_separator wpb_content_element vc_separator_align_center vc_sep_width_100 vc_sep_pos_align_center vc_separator_no_text vc_sep_color_white\" ><span class=\"vc_sep_holder vc_sep_holder_l\"><span  class=\"vc_sep_line\"><\/span><\/span><span class=\"vc_sep_holder vc_sep_holder_r\"><span  class=\"vc_sep_line\"><\/span><\/span>\n<\/div><\/div><\/div><\/div><\/div><\/div><\/section><section class=\"vc_row liquid-row-shadowbox-69dfbc2939d4b\"><div class=\"ld-container container\"><div class=\"row ld-row ld-row-outer\"><div class=\"wpb_column vc_column_container vc_col-sm-12 liquid-column-69dfbc2939e60\"><div class=\"vc_column-inner\" ><div class=\"wpb_wrapper\"  >\n\t<div class=\"wpb_text_column wpb_content_element\" >\n\t\t<div class=\"wpb_wrapper\">\n\t\t\t<h6 style=\"text-align: center;\">SZ\u00c1MOLD KI GYORSAN \u00c9S PONTOSAN, MENNYI AD\u00d3T, J\u00c1RUL\u00c9KOT \u00c9S NETT\u00d3 J\u00d6VEDELMET JELENT AZ \u00c1TAL\u00c1NYAD\u00d3Z\u00c1S 2026-BAN. AZ EGY\u00c9NI V\u00c1LLALKOZ\u00d3 KALKUL\u00c1TOR SEG\u00cdT A BEV\u00c9TEL, K\u00d6LTS\u00c9GH\u00c1NYAD, AD\u00d3MENTES S\u00c1V, SZJA, TB-J\u00c1RUL\u00c9K \u00c9S SZOCHO KISZ\u00c1M\u00cdT\u00c1S\u00c1BAN A HAT\u00c1LYOS MAGYAR SZAB\u00c1LYOK ALAPJ\u00c1N. IDE\u00c1LIS V\u00c1LASZT\u00c1S, HA SZERETN\u00c9D \u00d6SSZEHASONL\u00cdTANI A V\u00c1RHAT\u00d3 TERHEKET, ELLEN\u0150RIZNI A NETT\u00d3DAT, VAGY MEG\u00c9RTENI, HOGYAN M\u0170K\u00d6DIK AZ \u00c1TAL\u00c1NYAD\u00d3Z\u00d3 EGY\u00c9NI V\u00c1LLALKOZ\u00d3K AD\u00d3Z\u00c1SA 2026-BAN.<\/h6>\n\n\t\t<\/div>\n\t<\/div>\n<\/div><\/div><\/div><\/div><\/div><\/section><section class=\"vc_row liquid-row-shadowbox-69dfbc2939f94\"><div class=\"ld-container container\"><div class=\"row ld-row ld-row-outer\"><div class=\"wpb_column vc_column_container vc_col-sm-12 liquid-column-69dfbc293a099\"><div class=\"vc_column-inner\" ><div class=\"wpb_wrapper\"  ><div class=\"vc_separator wpb_content_element vc_separator_align_center vc_sep_width_100 vc_sep_pos_align_center vc_separator_no_text vc_sep_color_white\" ><span class=\"vc_sep_holder vc_sep_holder_l\"><span  class=\"vc_sep_line\"><\/span><\/span><span class=\"vc_sep_holder vc_sep_holder_r\"><span  class=\"vc_sep_line\"><\/span><\/span>\n<\/div><style>.ld_fancy_heading_69dfbc293a256 .lqd-highlight-inner{height:0.275em!important;bottom:0px!important;}<\/style><div class=\"ld-fancy-heading text-center ld_fancy_heading_69dfbc293a256\">\n\t<h4 class=\"ld-fh-element lqd-highlight-underline lqd-highlight-grow-left text-decoration-default\"  data-parallax=\"true\" data-parallax-options='{\"overflowHidden\":false,\"ease\":\"linear\",\"start\":\"top bottom\"}' >  PR\u00d3B\u00c1LD KI TOV\u00c1BBI INGYENES KALKUL\u00c1TOR\u00c1INKAT \u00c9S SZIMUL\u00c1TOR\u00c1INKAT<\/h4><\/div><\/div><\/div><\/div><\/div><\/div><\/section><section class=\"vc_row liquid-row-shadowbox-69dfbc293ae5c\"><div class=\"ld-container container\"><div class=\"row ld-row ld-row-outer\"><div class=\"wpb_column vc_column_container vc_col-sm-12 liquid-column-69dfbc293af3b\"><div class=\"vc_column-inner\" ><div class=\"wpb_wrapper\"  ><div class=\"vc_separator wpb_content_element vc_separator_align_center vc_sep_width_100 vc_sep_pos_align_center vc_separator_no_text vc_sep_color_white\" ><span class=\"vc_sep_holder vc_sep_holder_l\"><span  class=\"vc_sep_line\"><\/span><\/span><span class=\"vc_sep_holder vc_sep_holder_r\"><span  class=\"vc_sep_line\"><\/span><\/span>\n<\/div><\/div><\/div><\/div><\/div><\/div><\/section><section class=\"vc_row liquid-row-shadowbox-69dfbc293b08a\"><div class=\"ld-container container\"><div class=\"row ld-row ld-row-outer\"><div class=\"wpb_column vc_column_container vc_col-sm-4 liquid-column-69dfbc293b19a\"><div class=\"vc_column-inner\" ><div class=\"wpb_wrapper\"  ><a href=\"https:\/\/klaritax.com\/hu\/csaladtamogatas-kalkulator\/\" title=\"Csal\u00e1dt\u00e1mogat\u00e1s Kalkul\u00e1tor\" target=\"_blank\" class=\"btn btn-solid border-thin btn-has-label ld_button_69dfbc293b29d\" >\n\t<span>\n\t\n\t\t\t\t\t<span class=\"btn-txt\" data-text=\"FREE MATERNITY CALCULATOR\" >INGYENES CSAL\u00c1DT\u00c1MOGAT\u00c1S SZIMUL\u00c1TOR<\/span>\n\t\t\n\t\t\t\t\t<\/span>\n<\/a>\n<\/div><\/div><\/div><div class=\"wpb_column vc_column_container vc_col-sm-4 liquid-column-69dfbc293bab9\"><div class=\"vc_column-inner\" ><div class=\"wpb_wrapper\"  ><\/div><\/div><\/div><div class=\"wpb_column vc_column_container vc_col-sm-4 liquid-column-69dfbc293bb83\"><div class=\"vc_column-inner\" ><div class=\"wpb_wrapper\"  ><a href=\"https:\/\/klaritax.com\/hu\/eletesemeny-szimulator\/\" title=\"\u00c9letesem\u00e9ny-Szimul\u00e1torok\" target=\"_blank\" class=\"btn btn-solid border-thin btn-has-label ld_button_69dfbc293bc41\" >\n\t<span>\n\t\n\t\t\t\t\t<span class=\"btn-txt\" data-text=\"FREE SCENARIO SIMULATOR\" >INGYENES \u00c9LETESEM\u00c9NY SZIMUL\u00c1TOR<\/span>\n\t\t\n\t\t\t\t\t<\/span>\n<\/a>\n<\/div><\/div><\/div><\/div><\/div><\/section>","protected":false},"excerpt":{"rendered":"TRY OUR FREE 2026 SOLE TRADER CALCULATOR! PLEASE WAIT A MOMENT WHILE WE LOAD THE LATEST HUNGARIAN TAX RULES. TRY OUR FREE 2026 SOLE TRADER CALCULATOR! PLEASE WAIT A MOMENT WHILE WE LOAD THE LATEST HUNGARIAN TAX RULES. QUICKLY AND ACCURATELY CALCULATE HOW MUCH TAX, CONTRIBUTIONS, AND NET INCOME YOU WILL HAVE TO PAY UNDER [...]","protected":false},"author":1,"featured_media":0,"parent":0,"menu_order":0,"comment_status":"closed","ping_status":"closed","template":"","meta":{"_monsterinsights_skip_tracking":false,"_monsterinsights_sitenote_active":false,"_monsterinsights_sitenote_note":"","_monsterinsights_sitenote_category":0,"footnotes":""},"class_list":["post-5382","page","type-page","status-publish","hentry"],"aioseo_notices":[],"_links":{"self":[{"href":"https:\/\/klaritax.com\/hu\/wp-json\/wp\/v2\/pages\/5382","targetHints":{"allow":["GET"]}}],"collection":[{"href":"https:\/\/klaritax.com\/hu\/wp-json\/wp\/v2\/pages"}],"about":[{"href":"https:\/\/klaritax.com\/hu\/wp-json\/wp\/v2\/types\/page"}],"author":[{"embeddable":true,"href":"https:\/\/klaritax.com\/hu\/wp-json\/wp\/v2\/users\/1"}],"replies":[{"embeddable":true,"href":"https:\/\/klaritax.com\/hu\/wp-json\/wp\/v2\/comments?post=5382"}],"version-history":[{"count":6,"href":"https:\/\/klaritax.com\/hu\/wp-json\/wp\/v2\/pages\/5382\/revisions"}],"predecessor-version":[{"id":5463,"href":"https:\/\/klaritax.com\/hu\/wp-json\/wp\/v2\/pages\/5382\/revisions\/5463"}],"wp:attachment":[{"href":"https:\/\/klaritax.com\/hu\/wp-json\/wp\/v2\/media?parent=5382"}],"curies":[{"name":"wp","href":"https:\/\/api.w.org\/{rel}","templated":true}]}}