{"id":5258,"date":"2026-01-21T18:13:28","date_gmt":"2026-01-21T18:13:28","guid":{"rendered":"https:\/\/klaritax.com\/?page_id=5258"},"modified":"2026-04-13T16:34:31","modified_gmt":"2026-04-13T16:34:31","slug":"jovedelem-kalkulator","status":"publish","type":"page","link":"https:\/\/klaritax.com\/hu\/jovedelem-kalkulator\/","title":{"rendered":"J\u00f6vedelem Kalkul\u00e1torok"},"content":{"rendered":"<section class=\"vc_row liquid-row-shadowbox-69e4c842b8fa1\"><div class=\"ld-container container\"><div class=\"row ld-row ld-row-outer\"><div class=\"wpb_column vc_column_container vc_col-sm-12 liquid-column-69e4c842b91fb\"><div class=\"vc_column-inner\" ><div class=\"wpb_wrapper\"  ><div class=\"vc_separator wpb_content_element vc_separator_align_center vc_sep_width_100 vc_sep_pos_align_center vc_separator_no_text vc_sep_color_white\" ><span class=\"vc_sep_holder vc_sep_holder_l\"><span  class=\"vc_sep_line\"><\/span><\/span><span class=\"vc_sep_holder vc_sep_holder_r\"><span  class=\"vc_sep_line\"><\/span><\/span>\n<\/div><\/div><\/div><\/div><\/div><\/div><\/section><section class=\"vc_row liquid-row-shadowbox-69e4c842b93e2\"><div class=\"ld-container container\"><div class=\"row ld-row ld-row-outer\"><div class=\"wpb_column vc_column_container vc_col-sm-12 liquid-column-69e4c842b94d1\"><div class=\"vc_column-inner\" ><div class=\"wpb_wrapper\"  ><div class=\"vc_separator wpb_content_element vc_separator_align_center vc_sep_width_100 vc_sep_pos_align_center vc_separator_no_text vc_sep_color_white\" ><span class=\"vc_sep_holder vc_sep_holder_l\"><span  class=\"vc_sep_line\"><\/span><\/span><span class=\"vc_sep_holder vc_sep_holder_r\"><span  class=\"vc_sep_line\"><\/span><\/span>\n<\/div><\/div><\/div><\/div><\/div><\/div><\/section><section class=\"vc_row liquid-row-shadowbox-69e4c842b962a\"><div class=\"ld-container container\"><div class=\"row ld-row ld-row-outer\"><div class=\"wpb_column vc_column_container vc_col-sm-12 liquid-column-69e4c842b970b\"><div class=\"vc_column-inner\" ><div class=\"wpb_wrapper\"  ><div class=\"vc_separator wpb_content_element vc_separator_align_center vc_sep_width_100 vc_sep_pos_align_center vc_separator_no_text vc_sep_color_white\" ><span class=\"vc_sep_holder vc_sep_holder_l\"><span  class=\"vc_sep_line\"><\/span><\/span><span class=\"vc_sep_holder vc_sep_holder_r\"><span  class=\"vc_sep_line\"><\/span><\/span>\n<\/div><\/div><\/div><\/div><\/div><\/div><\/section><section class=\"vc_row liquid-row-shadowbox-69e4c842b9891\"><div class=\"ld-container container\"><div class=\"row ld-row ld-row-outer\"><div class=\"wpb_column vc_column_container vc_col-sm-12 liquid-column-69e4c842b998a\"><div class=\"vc_column-inner\" ><div class=\"wpb_wrapper\"  ><div class=\"vc_separator wpb_content_element vc_separator_align_center vc_sep_width_100 vc_sep_pos_align_center vc_separator_no_text vc_sep_color_white\" ><span class=\"vc_sep_holder vc_sep_holder_l\"><span  class=\"vc_sep_line\"><\/span><\/span><span class=\"vc_sep_holder vc_sep_holder_r\"><span  class=\"vc_sep_line\"><\/span><\/span>\n<\/div><\/div><\/div><\/div><\/div><\/div><\/section><section class=\"vc_row liquid-row-shadowbox-69e4c842b9b04\"><div class=\"ld-container container\"><div class=\"row ld-row ld-row-outer\"><div class=\"wpb_column vc_column_container vc_col-sm-12 liquid-column-69e4c842b9bf7\"><div class=\"vc_column-inner\" ><div class=\"wpb_wrapper\"  ><div class=\"vc_separator wpb_content_element vc_separator_align_center vc_sep_width_100 vc_sep_pos_align_center vc_separator_no_text vc_sep_color_white\" ><span class=\"vc_sep_holder vc_sep_holder_l\"><span  class=\"vc_sep_line\"><\/span><\/span><span class=\"vc_sep_holder vc_sep_holder_r\"><span  class=\"vc_sep_line\"><\/span><\/span>\n<\/div><\/div><\/div><\/div><\/div><\/div><\/section><section class=\"vc_row liquid-row-shadowbox-69e4c842b9d69\"><div class=\"ld-container container\"><div class=\"row ld-row ld-row-outer\"><div class=\"wpb_column vc_column_container vc_col-sm-12 liquid-column-69e4c842b9e6d\"><div class=\"vc_column-inner\" ><div class=\"wpb_wrapper\"  ><div class=\"vc_separator wpb_content_element vc_separator_align_center vc_sep_width_100 vc_sep_pos_align_center vc_separator_no_text vc_sep_color_white\" ><span class=\"vc_sep_holder vc_sep_holder_l\"><span  class=\"vc_sep_line\"><\/span><\/span><span class=\"vc_sep_holder vc_sep_holder_r\"><span  class=\"vc_sep_line\"><\/span><\/span>\n<\/div><\/div><\/div><\/div><\/div><\/div><\/section><section class=\"vc_row liquid-row-shadowbox-69e4c842b9fac\"><div class=\"ld-container container\"><div class=\"row ld-row ld-row-outer\"><div class=\"wpb_column vc_column_container vc_col-sm-12 liquid-column-69e4c842ba0a2\"><div class=\"vc_column-inner\" ><div class=\"wpb_wrapper\"  ><div class=\"vc_separator wpb_content_element vc_separator_align_center vc_sep_width_100 vc_sep_pos_align_center vc_separator_no_text vc_sep_color_grey\" ><span class=\"vc_sep_holder vc_sep_holder_l\"><span  class=\"vc_sep_line\"><\/span><\/span><span class=\"vc_sep_holder vc_sep_holder_r\"><span  class=\"vc_sep_line\"><\/span><\/span>\n<\/div><\/div><\/div><\/div><\/div><\/div><\/section><section class=\"vc_row hidden-xs liquid-row-shadowbox-69e4c842ba1e0\"><div class=\"ld-container container\"><div class=\"row ld-row ld-row-outer\"><div class=\"wpb_column vc_column_container vc_col-sm-12 liquid-column-69e4c842ba2d2\"><div class=\"vc_column-inner\" ><div class=\"wpb_wrapper\"  >\n\t<div class=\"wpb_text_column wpb_content_element\" >\n\t\t<div class=\"wpb_wrapper\">\n\t\t\t<h2 style=\"text-align: center;\">PR\u00d3B\u00c1LD KI AZ INGYENES 2026-OS J\u00d6VEDELEM<br \/>\n\u00c9S AD\u00d3KALKUL\u00c1TORUNKAT!<\/h2>\n<p>&nbsp;<\/p>\n<h4 style=\"text-align: center;\">K\u00c9RJ\u00dcK, V\u00c1RJON EGY PILLANATOT, M\u00cdG BET\u00d6LTJ\u00dcK A LEGFRISSEBB MAGYAR AD\u00d3SZAB\u00c1LYOKAT.<\/h4>\n\n\t\t<\/div>\n\t<\/div>\n<\/div><\/div><\/div><\/div><\/div><\/section><section class=\"vc_row hidden-sm hidden-md hidden-lg liquid-row-shadowbox-69e4c842ba43b\"><div class=\"ld-container container\"><div class=\"row ld-row ld-row-outer\"><div class=\"wpb_column vc_column_container vc_col-sm-12 liquid-column-69e4c842ba52d\"><div class=\"vc_column-inner\" ><div class=\"wpb_wrapper\"  >\n\t<div class=\"wpb_text_column wpb_content_element\" >\n\t\t<div class=\"wpb_wrapper\">\n\t\t\t<h4 style=\"text-align: center;\">PR\u00d3B\u00c1LD KI AZ INGYENES 2026-OS J\u00d6VEDELEM<br \/>\n\u00c9S AD\u00d3KALKUL\u00c1TORUNKAT!<\/h4>\n<h1><\/h1>\n<h6 style=\"text-align: center;\">K\u00c9RJ\u00dcK, V\u00c1RJON EGY PILLANATOT, M\u00cdG BET\u00d6LTJ\u00dcK A LEGFRISSEBB MAGYAR AD\u00d3SZAB\u00c1LYOKAT.<\/h6>\n\n\t\t<\/div>\n\t<\/div>\n<\/div><\/div><\/div><\/div><\/div><\/section><section class=\"vc_row liquid-row-shadowbox-69e4c842ba669\"><div class=\"ld-container container\"><div class=\"row ld-row ld-row-outer\"><div class=\"wpb_column vc_column_container vc_col-sm-12 liquid-column-69e4c842ba739\"><div class=\"vc_column-inner\" ><div class=\"wpb_wrapper\"  ><div class=\"vc_separator wpb_content_element vc_separator_align_center vc_sep_width_100 vc_sep_pos_align_center vc_separator_no_text vc_sep_color_white\" ><span class=\"vc_sep_holder vc_sep_holder_l\"><span  class=\"vc_sep_line\"><\/span><\/span><span class=\"vc_sep_holder vc_sep_holder_r\"><span  class=\"vc_sep_line\"><\/span><\/span>\n<\/div><\/div><\/div><\/div><\/div><\/div><\/section><section class=\"vc_row liquid-row-shadowbox-69e4c842ba8b3\"><div class=\"ld-container container\"><div class=\"row ld-row ld-row-outer\"><div class=\"wpb_column vc_column_container vc_col-sm-12 liquid-column-69e4c842baa09\"><div class=\"vc_column-inner\" ><div class=\"wpb_wrapper\"  >\n\t<div class=\"wpb_raw_code wpb_raw_js\" >\n\t\t<div class=\"wpb_wrapper\">\n\t\t\t<klaritax-income-calculator data-lang=\"hu\"><\/klaritax-income-calculator>\n<script src=\"https:\/\/taxpilot.klaritax.com\/widgets\/income-calculator-iframe.js\"><\/script>\n\t\t<\/div>\n\t<\/div>\n<\/div><\/div><\/div><\/div><\/div><\/section><section class=\"vc_row liquid-row-shadowbox-69e4c842bab6a\"><div class=\"ld-container container\"><div class=\"row ld-row ld-row-outer\"><div class=\"wpb_column vc_column_container vc_col-sm-12 liquid-column-69e4c842bac71\"><div class=\"vc_column-inner\" ><div class=\"wpb_wrapper\"  ><div class=\"vc_separator wpb_content_element vc_separator_align_center vc_sep_width_100 vc_sep_pos_align_center vc_separator_no_text vc_sep_color_white\" ><span class=\"vc_sep_holder vc_sep_holder_l\"><span  class=\"vc_sep_line\"><\/span><\/span><span class=\"vc_sep_holder vc_sep_holder_r\"><span  class=\"vc_sep_line\"><\/span><\/span>\n<\/div><\/div><\/div><\/div><\/div><\/div><\/section><section class=\"vc_row liquid-row-shadowbox-69e4c842badc8\"><div class=\"ld-container container\"><div class=\"row ld-row ld-row-outer\"><div class=\"wpb_column vc_column_container vc_col-sm-12 liquid-column-69e4c842baf2b\"><div class=\"vc_column-inner\" ><div class=\"wpb_wrapper\"  >\n\t<div class=\"wpb_text_column wpb_content_element\" >\n\t\t<div class=\"wpb_wrapper\">\n\t\t\t<h6 style=\"text-align: center;\">SZ\u00c1M\u00cdTSA KI PONTOSAN, HOGY 2026-BAN MENNYI SZJAT, J\u00c1RUL\u00c9KOT \u00c9S NETT\u00d3 J\u00d6VEDELMET FOG KAPNI - AK\u00c1R ALKALMAZOTTK\u00c9NT, AK\u00c1R INGATLANB\u00c9RBEAD\u00c1SB\u00d3L, BEFEKTET\u00c9SEKB\u0150L VAGY M\u00c1S J\u00d6VEDELEMFORR\u00c1SOKB\u00d3L. A KALKUL\u00c1TOR AUTOMATIKUSAN ALKALMAZZA A 2026-OS AD\u00d3SZAB\u00c1LYOKAT, BELE\u00c9RTVE A 25 \u00c9V ALATTIAK J\u00d6VEDELEMAD\u00d3-MENTESS\u00c9G\u00c9T, A 30 \u00c9V ALATTI ANY\u00c1K AD\u00d3KEDVEZM\u00c9NY\u00c9T \u00c9S EGY\u00c9B AD\u00d3EL\u0150NY\u00d6KET<\/h6>\n\n\t\t<\/div>\n\t<\/div>\n<\/div><\/div><\/div><\/div><\/div><\/section><section class=\"vc_row liquid-row-shadowbox-69e4c842bb126\"><div class=\"ld-container container\"><div class=\"row ld-row ld-row-outer\"><div class=\"wpb_column vc_column_container vc_col-sm-12 liquid-column-69e4c842bb269\"><div class=\"vc_column-inner\" ><div class=\"wpb_wrapper\"  ><div class=\"vc_separator wpb_content_element vc_separator_align_center vc_sep_width_100 vc_sep_pos_align_center vc_separator_no_text vc_sep_color_white\" ><span class=\"vc_sep_holder vc_sep_holder_l\"><span  class=\"vc_sep_line\"><\/span><\/span><span class=\"vc_sep_holder vc_sep_holder_r\"><span  class=\"vc_sep_line\"><\/span><\/span>\n<\/div><style>.ld_fancy_heading_69e4c842bb41f .lqd-highlight-inner{height:0.275em!important;bottom:0px!important;}<\/style><div class=\"ld-fancy-heading text-center ld_fancy_heading_69e4c842bb41f\">\n\t<h4 class=\"ld-fh-element lqd-highlight-underline lqd-highlight-grow-left text-decoration-default\"  data-parallax=\"true\" data-parallax-options='{\"overflowHidden\":false,\"ease\":\"linear\",\"start\":\"top bottom\"}' >  PR\u00d3B\u00c1LD KI TOV\u00c1BBI INGYENES KALKUL\u00c1TOR\u00c1INKAT \u00c9S SZIMUL\u00c1TOR\u00c1INKAT<\/h4><\/div><\/div><\/div><\/div><\/div><\/div><\/section><section class=\"vc_row liquid-row-shadowbox-69e4c842bbcf9\"><div class=\"ld-container container\"><div class=\"row ld-row ld-row-outer\"><div class=\"wpb_column vc_column_container vc_col-sm-12 liquid-column-69e4c842bbe97\"><div class=\"vc_column-inner\" ><div class=\"wpb_wrapper\"  ><div class=\"vc_separator wpb_content_element vc_separator_align_center vc_sep_width_100 vc_sep_pos_align_center vc_separator_no_text vc_sep_color_white\" ><span class=\"vc_sep_holder vc_sep_holder_l\"><span  class=\"vc_sep_line\"><\/span><\/span><span class=\"vc_sep_holder vc_sep_holder_r\"><span  class=\"vc_sep_line\"><\/span><\/span>\n<\/div><\/div><\/div><\/div><\/div><\/div><\/section><section class=\"vc_row liquid-row-shadowbox-69e4c842bc0eb\"><div class=\"ld-container container\"><div class=\"row ld-row ld-row-outer\"><div class=\"wpb_column vc_column_container vc_col-sm-4 liquid-column-69e4c842bc27d\"><div class=\"vc_column-inner\" ><div class=\"wpb_wrapper\"  ><a href=\"https:\/\/klaritax.com\/hu\/csaladtamogatas-kalkulator\/\" title=\"Csal\u00e1dt\u00e1mogat\u00e1s Kalkul\u00e1tor\" target=\"_blank\" class=\"btn btn-solid border-thin btn-has-label ld_button_69e4c842bc3b3\" >\n\t<span>\n\t\n\t\t\t\t\t<span class=\"btn-txt\" data-text=\"FREE MATERNITY CALCULATOR\" >INGYENES CSAL\u00c1DT\u00c1MOGAT\u00c1S SZIMUL\u00c1TOR<\/span>\n\t\t\n\t\t\t\t\t<\/span>\n<\/a>\n<\/div><\/div><\/div><div class=\"wpb_column vc_column_container vc_col-sm-4 liquid-column-69e4c842bcf76\"><div class=\"vc_column-inner\" ><div class=\"wpb_wrapper\"  ><\/div><\/div><\/div><div class=\"wpb_column vc_column_container vc_col-sm-4 liquid-column-69e4c842bd13e\"><div class=\"vc_column-inner\" ><div class=\"wpb_wrapper\"  ><a href=\"https:\/\/klaritax.com\/hu\/eletesemeny-szimulator\/\" title=\"\u00c9letesem\u00e9ny-Szimul\u00e1torok\" target=\"_blank\" class=\"btn btn-solid border-thin btn-has-label ld_button_69e4c842bd27f\" >\n\t<span>\n\t\n\t\t\t\t\t<span class=\"btn-txt\" data-text=\"FREE SCENARIO SIMULATOR\" >INGYENES \u00c9LETESEM\u00c9NY SZIMUL\u00c1TOR<\/span>\n\t\t\n\t\t\t\t\t<\/span>\n<\/a>\n<\/div><\/div><\/div><\/div><\/div><\/section>","protected":false},"excerpt":{"rendered":"TRY OUR FREE 2026 INCOME &amp; TAX CALCULATOR! &nbsp; PLEASE WAIT A MOMENT WHILE WE LOAD THE LATEST HUNGARIAN TAX RULES. TRY OUR FREE 2026 INCOME &amp; TAX CALCULATOR! PLEASE WAIT A MOMENT WHILE WE LOAD THE LATEST HUNGARIAN TAX RULES. CALCULATE EXACTLY HOW MUCH INCOME TAX, CONTRIBUTIONS, AND NET INCOME YOU WILL RECEIVE IN [...]","protected":false},"author":1,"featured_media":0,"parent":0,"menu_order":0,"comment_status":"closed","ping_status":"closed","template":"","meta":{"_monsterinsights_skip_tracking":false,"_monsterinsights_sitenote_active":false,"_monsterinsights_sitenote_note":"","_monsterinsights_sitenote_category":0,"footnotes":""},"class_list":["post-5258","page","type-page","status-publish","hentry"],"aioseo_notices":[],"_links":{"self":[{"href":"https:\/\/klaritax.com\/hu\/wp-json\/wp\/v2\/pages\/5258","targetHints":{"allow":["GET"]}}],"collection":[{"href":"https:\/\/klaritax.com\/hu\/wp-json\/wp\/v2\/pages"}],"about":[{"href":"https:\/\/klaritax.com\/hu\/wp-json\/wp\/v2\/types\/page"}],"author":[{"embeddable":true,"href":"https:\/\/klaritax.com\/hu\/wp-json\/wp\/v2\/users\/1"}],"replies":[{"embeddable":true,"href":"https:\/\/klaritax.com\/hu\/wp-json\/wp\/v2\/comments?post=5258"}],"version-history":[{"count":26,"href":"https:\/\/klaritax.com\/hu\/wp-json\/wp\/v2\/pages\/5258\/revisions"}],"predecessor-version":[{"id":5458,"href":"https:\/\/klaritax.com\/hu\/wp-json\/wp\/v2\/pages\/5258\/revisions\/5458"}],"wp:attachment":[{"href":"https:\/\/klaritax.com\/hu\/wp-json\/wp\/v2\/media?parent=5258"}],"curies":[{"name":"wp","href":"https:\/\/api.w.org\/{rel}","templated":true}]}}